
{"id":1956,"date":"2022-02-22T10:22:37","date_gmt":"2022-02-22T09:22:37","guid":{"rendered":"https:\/\/www.asplaurarodriguez.it\/servizi-per-disabili\/?page_id=1956"},"modified":"2022-12-21T09:26:40","modified_gmt":"2022-12-21T08:26:40","slug":"collaborazioni-esterne-2","status":"publish","type":"page","link":"https:\/\/www.asplaurarodriguez.it\/servizi-per-disabili\/laboratorio-senza-muri\/393-2\/collaborazioni-esterne-2\/","title":{"rendered":"Collaborazioni esterne"},"content":{"rendered":"<div  class='hr av-5wg5as-ddca478ff9b663efdd7184deaa853251 hr-default  avia-builder-el-0  el_before_av_textblock  avia-builder-el-first '><span class='hr-inner '><span class=\"hr-inner-style\"><\/span><\/span><\/div>\n<section  class='av_textblock_section av-lbvywp4j-5f1dc50a5ab37aa4b361571e95e5febc'  itemscope=\"itemscope\" itemtype=\"https:\/\/schema.org\/CreativeWork\" ><div class='avia_textblock'  itemprop=\"text\" ><p><em><b>\u201cRitrovare la pace\u201d &#8211; Calendario Farmacia Ghigi 2023<\/b><\/em><\/p>\n<p>Prosegue la collaborazione del Laboratorio &#8220;Senza Muri&#8221; con la Farmacia Ghigi di Ozzano dell\u2019Emilia: anche quest&#8217;anno abbiamo avuto la possibilit\u00e0 di ideare e realizzare la copertina del calendario 2023 distribuito dalla farmacia.<\/p>\n<p>Il disegno, intitolato &#8220;Ritrovare la pace&#8221;, \u00e8 stato realizzato da Flavia Rubbi, ospite del Laboratorio: vuole essere un messaggio di pace e speranza rispetto all&#8217;attuale situazione di conflitto internazionale. Le parole a corredo del disegno sono il frutto delle riflessioni degli altri ospiti su questo tema oggi molto sentito.<\/p>\n<\/div><\/section>\n\n<style type=\"text\/css\" data-created_by=\"avia_inline_auto\" id=\"style-css-av-lbvyft2v-93802311db8138f8802dda6aae4e9cf3\">\n.avia-image-container.av-lbvyft2v-93802311db8138f8802dda6aae4e9cf3 img.avia_image{\nbox-shadow:none;\n}\n.avia-image-container.av-lbvyft2v-93802311db8138f8802dda6aae4e9cf3 .av-image-caption-overlay-center{\ncolor:#ffffff;\n}\n<\/style>\n<div  class='avia-image-container av-lbvyft2v-93802311db8138f8802dda6aae4e9cf3 av-styling- av-hover-grow avia-align-center  avia-builder-el-2  el_after_av_textblock  el_before_av_textblock '   itemprop=\"image\" itemscope=\"itemscope\" itemtype=\"https:\/\/schema.org\/ImageObject\" ><div class=\"avia-image-container-inner\"><div class=\"avia-image-overlay-wrap\"><img class='wp-image-2106 avia-img-lazy-loading-not-2106 avia_image ' src='https:\/\/www.asplaurarodriguez.it\/servizi-per-disabili\/wp-content\/uploads\/sites\/2\/2022\/12\/calendario-2023-oscurata-300x289.jpg' alt='' title='calendario 2023 oscurata'  height=\"289\" width=\"300\"  itemprop=\"thumbnailUrl\"  \/><\/div><\/div><\/div>\n<section  class='av_textblock_section av-lbxe5a1c-9c9acadf456b0a0d2ce31d914a0f51ce'  itemscope=\"itemscope\" itemtype=\"https:\/\/schema.org\/CreativeWork\" ><div class='avia_textblock'  itemprop=\"text\" ><p>Queste le parole della <strong>Farmacia Ghigi<\/strong>, condivise in un post sulla loro pagina Facebook:<\/p>\n<p>&#8220;Oggi abbiamo avuto il piacere di ricevere in Farmacia una rappresentativa dei ragazzi del Laboratorio Senza Muri &#8211; Asp Laura Rodriguez. Il Centro Diurno Socio-educativo-abilitativo (denominato Laboratorio) nasce dalla necessit\u00e0 di attuare un percorso socio-abilitativo a favore di giovani persone disabili e si caratterizza come uno spazio formativo, in prospettiva di un futuro inserimento lavorativo. Come l&#8217;anno scorso la giovane artista ed utente del Laboratorio Flavia Rubbi ci ha donato un suo disegno, che sar\u00e0 anche quest&#8217;anno lo sfondo del nostro calendario 2023 &#8211; a breve disponibile &#8211; ed avr\u00e0 come protagonista un tema molto sentito: la pace&#8221;.<\/p>\n<\/div><\/section>\n\n<style type=\"text\/css\" data-created_by=\"avia_inline_auto\" id=\"style-css-av-lbxdzpoc-2aaa1f88d64b61074612d46208cebaf2\">\n.avia-image-container.av-lbxdzpoc-2aaa1f88d64b61074612d46208cebaf2 img.avia_image{\nbox-shadow:none;\n}\n.avia-image-container.av-lbxdzpoc-2aaa1f88d64b61074612d46208cebaf2 .av-image-caption-overlay-center{\ncolor:#ffffff;\n}\n<\/style>\n<div  class='avia-image-container av-lbxdzpoc-2aaa1f88d64b61074612d46208cebaf2 av-styling- av-hover-grow avia-align-center  avia-builder-el-4  el_after_av_textblock  el_before_av_hr '   itemprop=\"image\" itemscope=\"itemscope\" itemtype=\"https:\/\/schema.org\/ImageObject\" ><div class=\"avia-image-container-inner\"><div class=\"avia-image-overlay-wrap\"><img class='wp-image-2109 avia-img-lazy-loading-not-2109 avia_image ' src='https:\/\/www.asplaurarodriguez.it\/servizi-per-disabili\/wp-content\/uploads\/sites\/2\/2022\/12\/photo_2022-12-21_09-19-28-300x218.jpg' alt='' title='photo_2022-12-21_09-19-28'  height=\"218\" width=\"300\"  itemprop=\"thumbnailUrl\"  \/><\/div><\/div><\/div>\n<div  class='hr av-y591w-06cd1de5bb766ce46e4dbe8fbdcf15ab hr-default  avia-builder-el-5  el_after_av_image  el_before_av_textblock '><span class='hr-inner '><span class=\"hr-inner-style\"><\/span><\/span><\/div>\n<section  class='av_textblock_section av-lbw3puyt-a53fc7c3389d282d2e8c0b71df6bc57a'  itemscope=\"itemscope\" itemtype=\"https:\/\/schema.org\/CreativeWork\" ><div class='avia_textblock'  itemprop=\"text\" ><p><em><b>\u201cSperanza senza Muri\u201d &#8211; Calendario Farmacia Ghigi 2022<\/b><\/em><\/p>\n<p>Quest&#8217;anno abbiamo avuto la possibilit\u00e0 di collaborare alla realizzazione del calendario 2022 della Farmacia Ghigi di Ozzano dell\u2019Emilia.<\/p>\n<p>Abbiamo cos\u00ec potuto valorizzare il talento dell\u2019artista Flavia Rubbi, ospite del nostro Laboratorio. Il suo elaborato, intitolato \u201cSperanza senza Muri\u201d e copertina del calendario, rappresenta un invito ad abbattere i nostri muri interiori, lasciando spazio in noi stessi alla visione di un mondo migliore.<\/p>\n<\/div><\/section>\n\n<style type=\"text\/css\" data-created_by=\"avia_inline_auto\" id=\"style-css-av-lbw3m4gh-327e2a182e9a30e88d46283162deaa91\">\n.avia-image-container.av-lbw3m4gh-327e2a182e9a30e88d46283162deaa91 img.avia_image{\nbox-shadow:none;\n}\n.avia-image-container.av-lbw3m4gh-327e2a182e9a30e88d46283162deaa91 .av-image-caption-overlay-center{\ncolor:#ffffff;\n}\n<\/style>\n<div  class='avia-image-container av-lbw3m4gh-327e2a182e9a30e88d46283162deaa91 av-styling- av-hover-grow avia-align-center  avia-builder-el-7  el_after_av_textblock  el_before_av_hr '   itemprop=\"image\" itemscope=\"itemscope\" itemtype=\"https:\/\/schema.org\/ImageObject\" ><div class=\"avia-image-container-inner\"><div class=\"avia-image-overlay-wrap\"><img class='wp-image-2090 avia-img-lazy-loading-not-2090 avia_image ' src='https:\/\/www.asplaurarodriguez.it\/servizi-per-disabili\/wp-content\/uploads\/sites\/2\/2022\/12\/calendario-2022-300x240.jpg' alt='' title='calendario 2022'  height=\"240\" width=\"300\"  itemprop=\"thumbnailUrl\"  \/><\/div><\/div><\/div>\n<div  class='hr av-751iic-026c08ce92cbabb4251d81124a8bac0d hr-default  avia-builder-el-8  el_after_av_image  el_before_av_textblock '><span class='hr-inner '><span class=\"hr-inner-style\"><\/span><\/span><\/div>\n<section  class='av_textblock_section av-lbvz2xfr-888d852f7ee07d60f5d1bec7f2ec0cb7'  itemscope=\"itemscope\" itemtype=\"https:\/\/schema.org\/CreativeWork\" ><div class='avia_textblock'  itemprop=\"text\" ><p style=\"text-align: center\"><strong>Laboratorio Protetto e di Transizione al lavoro \u201cSenza Muri\u201d<\/strong><\/p>\n<p style=\"text-align: center\"><em>Opera di aprile \u2013 Il ritorno<\/em><\/p>\n<p style=\"text-align: center\"><strong>RITORNO IN RIMA<\/strong><\/p>\n<p style=\"text-align: left\">Ritorno fa rima con\u2026? Divertitevi a completare il nostro cruciverba sulle parole che fanno rima con \u201critorno\u201d!<\/p>\n<\/div><\/section>\n<div  class='avia-video av-7otqxw-b585ca0a420bb47ee90dad9dc541dda8 avia-video-16-9 av-no-preview-image avia-video-load-always avia-video-html5'  itemprop=\"video\" itemtype=\"https:\/\/schema.org\/VideoObject\"  data-original_url='http:\/\/www.asplaurarodriguez.it\/servizi-per-disabili\/wp-content\/uploads\/sites\/2\/2022\/12\/ritorno-in-rima_compresso.mp4'><video class='avia_video'    preload=\"auto\"  controls id='player_1956_53672033_94317048'><source src='http:\/\/www.asplaurarodriguez.it\/servizi-per-disabili\/wp-content\/uploads\/sites\/2\/2022\/12\/ritorno-in-rima_compresso.mp4' type='video\/mp4' \/><\/video><\/div>\n<div  class='hr av-3xi4us-511abf7133b12853c7a27ab5ed09d424 hr-default  avia-builder-el-11  el_after_av_video  el_before_av_textblock '><span class='hr-inner '><span class=\"hr-inner-style\"><\/span><\/span><\/div>\n<section  class='av_textblock_section av-lbw3r6gy-b0766ecc11bb4f30fcf4d2d8c83a2a09'  itemscope=\"itemscope\" itemtype=\"https:\/\/schema.org\/CreativeWork\" ><div class='avia_textblock'  itemprop=\"text\" ><p style=\"text-align: center\"><strong>Laboratorio Protetto e di Transizione al lavoro \u201cSenza Muri\u201d<\/strong><\/p>\n<p style=\"text-align: center\"><em>Opera di marzo \u2013 La meta<\/em><\/p>\n<p style=\"text-align: center\"><strong>VOGLIO UNA META SPERICOLATA<\/strong><\/p>\n<p style=\"text-align: left\">Per cominciare abbiamo parlato delle mete che abbiamo raggiunto nel passato e delle emozioni provate.<\/p>\n<p style=\"text-align: left\">Poi ci siamo concentrati sul futuro e sui desideri e gli obiettivi che vorremmo realizzare. Abbiamo dato sfogo a tutta la nostra fantasia, senza paura di osare con desideri grandiosi e\u2026 \u201cspericolati\u201d!<\/p>\n<p style=\"text-align: left\">Ve li raccontiamo con l\u2019aiuto di un personaggio d\u2019eccezione: il mitico genio della lampada di Aladdin!<\/p>\n<\/div><\/section>\n<div  class='avia-video av-lbw3rxhd-b779753b382d93d68acdad649951e839 avia-video-16-9 av-no-preview-image avia-video-load-always avia-video-html5'  itemprop=\"video\" itemtype=\"https:\/\/schema.org\/VideoObject\"  data-original_url='http:\/\/www.asplaurarodriguez.it\/servizi-per-disabili\/wp-content\/uploads\/sites\/2\/2022\/12\/voglio-una-meta-spericolata_g13ApoK1.mp4'><video class='avia_video'    preload=\"auto\"  controls id='player_1956_707470613_2102834300'><source src='http:\/\/www.asplaurarodriguez.it\/servizi-per-disabili\/wp-content\/uploads\/sites\/2\/2022\/12\/voglio-una-meta-spericolata_g13ApoK1.mp4' type='video\/mp4' \/><\/video><\/div>\n<div  class='hr av-68othw-91fa0c211e0093a0381d60c634d7f54c hr-default  avia-builder-el-14  el_after_av_video  el_before_av_textblock '><span class='hr-inner '><span class=\"hr-inner-style\"><\/span><\/span><\/div>\n<section  class='av_textblock_section av-lbwaxpol-6a5c0c2b45a386a8ff8271d8f41be432'  itemscope=\"itemscope\" itemtype=\"https:\/\/schema.org\/CreativeWork\" ><div class='avia_textblock'  itemprop=\"text\" ><p style=\"text-align: center\"><strong>Laboratorio Protetto e di Transizione al lavoro &#8220;Senza Muri&#8221;<\/strong><\/p>\n<p style=\"text-align: center\"><em>Opera di febbraio &#8211; L&#8217;incontro<\/em><\/p>\n<p style=\"text-align: center\"><strong>IN-CONTRI IN-CORNICE<\/strong><\/p>\n<p>Questo mese abbiamo parlato di amore \u2013 inteso come affetto verso familiari, amici, animali, oggetti.<\/p>\n<p>Ognuno di noi ha scelto di raccontare agli altri un incontro d\u2019amore che gli ha cambiato la vita, che \u00e8 stato per lui\/lei importante e significativo; ha poi realizzato una cornice personalizzata per rappresentarlo, utilizzando foto, disegni, colori, scritti, ecc. Infine abbiamo riunito tutte le cornici in un grande e unico quadro!<\/p>\n<\/div><\/section>\n\n<style type=\"text\/css\" data-created_by=\"avia_inline_auto\" id=\"style-css-av-lbwawjmt-4a3df9b13cbf20f845fe380661f5929f\">\n.avia-image-container.av-lbwawjmt-4a3df9b13cbf20f845fe380661f5929f img.avia_image{\nbox-shadow:none;\n}\n.avia-image-container.av-lbwawjmt-4a3df9b13cbf20f845fe380661f5929f .av-image-caption-overlay-center{\ncolor:#ffffff;\n}\n<\/style>\n<div  class='avia-image-container av-lbwawjmt-4a3df9b13cbf20f845fe380661f5929f av-styling- av-hover-grow avia-align-center  avia-builder-el-16  el_after_av_textblock  el_before_av_hr '   itemprop=\"image\" itemscope=\"itemscope\" itemtype=\"https:\/\/schema.org\/ImageObject\" ><div class=\"avia-image-container-inner\"><div class=\"avia-image-overlay-wrap\"><img class='wp-image-2087 avia-img-lazy-loading-not-2087 avia_image ' src='https:\/\/www.asplaurarodriguez.it\/servizi-per-disabili\/wp-content\/uploads\/sites\/2\/2022\/12\/in-contri-in-cornice-300x212.jpg' alt='' title='in-contri in-cornice'  height=\"212\" width=\"300\"  itemprop=\"thumbnailUrl\"  \/><\/div><\/div><\/div>\n<div  class='hr av-1xs1lw-7540a4714d0c658f7b3c7aae0167df97 hr-default  avia-builder-el-17  el_after_av_image  el_before_av_textblock '><span class='hr-inner '><span class=\"hr-inner-style\"><\/span><\/span><\/div>\n<section  class='av_textblock_section av-lbw3t4as-4cc576df869e47a72a2fb6784114adb4'  itemscope=\"itemscope\" itemtype=\"https:\/\/schema.org\/CreativeWork\" ><div class='avia_textblock'  itemprop=\"text\" ><p style=\"text-align: center\"><strong>Laboratorio Protetto e di Transizione al lavoro \u201cSenza Muri\u201d<\/strong><\/p>\n<p style=\"text-align: center\"><em>Opera di gennaio \u2013 Il passaggio a livello<\/em><\/p>\n<p style=\"text-align: center\"><strong>PROSSIMA FERMATA\u2026 LABORATORIO!!!<\/strong><\/p>\n<p>Questo mese, come prima cosa, abbiamo raccolto le idee che ci sono venute in mente sul tema del \u201cpassaggio a livello\u201d.<\/p>\n<p>Successivamente ognuno di noi ha scelto momenti e oggetti per lui significativi, che fanno parte della nostra quotidianit\u00e0 al Laboratorio, e li ha \u201ctrasformati\u201d in passaggi a livello attraverso il movimento del \u201cchiudere\u201d e \u201caprire\u201d.<\/p>\n<p>Chi ha utilizzato le parole, chi invece ha scelto il disegno\u2026 per farvi entrare un po\u2019 nella nostra vita di tutti i giorni!<\/p>\n<\/div><\/section>\n<div  class='avia-video av-lbw3tigx-c456efc9451f6b517714b2f4380d160c avia-video-16-9 av-no-preview-image avia-video-load-always avia-video-html5'  itemprop=\"video\" itemtype=\"https:\/\/schema.org\/VideoObject\"  data-original_url='http:\/\/www.asplaurarodriguez.it\/servizi-per-disabili\/wp-content\/uploads\/sites\/2\/2022\/12\/prossima-fermata...-laboratorio-compresso.mp4'><video class='avia_video'    preload=\"auto\"  controls id='player_1956_1784307949_1470851664'><source src='http:\/\/www.asplaurarodriguez.it\/servizi-per-disabili\/wp-content\/uploads\/sites\/2\/2022\/12\/prossima-fermata...-laboratorio-compresso.mp4' type='video\/mp4' \/><\/video><\/div>\n<div  class='hr av-4kae6c-106dbdc90e628032c4f7a74c7e1520b3 hr-default  avia-builder-el-20  el_after_av_video  el_before_av_textblock '><span class='hr-inner '><span class=\"hr-inner-style\"><\/span><\/span><\/div>\n<section  class='av_textblock_section av-lbw6qjpk-8d387430736b806f1d0975867ab1ed2d'  itemscope=\"itemscope\" itemtype=\"https:\/\/schema.org\/CreativeWork\" ><div class='avia_textblock'  itemprop=\"text\" ><p style=\"text-align: center\"><strong>Laboratorio Protetto e di Transizione al lavoro \u201cSenza Muri\u201d<\/strong><\/p>\n<p style=\"text-align: center\"><em>Opera di dicembre \u2013 Le scarpe<\/em><\/p>\n<p style=\"text-align: center\"><strong>UN PAIO DI SCARPE PUO\u2019 CAMBIARTI LA VITA<\/strong><\/p>\n<p>Come sono importanti le scarpe! Per ognuno di noi hanno un valore, un significato e degli usi ben precisi. Abbiamo cercato di mettere per iscritto cosa rappresentano le scarpe per noi; da ogni scritto abbiamo poi estrapolato un\u2019immagine particolarmente significativa e l\u2019abbiamo rappresentata attraverso delle fotografie.<\/p>\n<\/div><\/section>\n<div  class='avia-video av-lbw780ms-94886a72b4da85ddb57cb0965a68b08b avia-video-16-9 av-no-preview-image avia-video-load-always avia-video-html5'  itemprop=\"video\" itemtype=\"https:\/\/schema.org\/VideoObject\"  data-original_url='http:\/\/www.asplaurarodriguez.it\/servizi-per-disabili\/wp-content\/uploads\/sites\/2\/2022\/12\/un-paio-di-scarpe-puo-cambiarti-la-vita.mp4'><video class='avia_video'    preload=\"auto\"  controls id='player_1956_2134881340_209584824'><source src='http:\/\/www.asplaurarodriguez.it\/servizi-per-disabili\/wp-content\/uploads\/sites\/2\/2022\/12\/un-paio-di-scarpe-puo-cambiarti-la-vita.mp4' type='video\/mp4' \/><\/video><\/div>\n<div  class='hr av-2mmw44-7b5b9f7c54a5915a27f8c5e924785e5a hr-default  avia-builder-el-23  el_after_av_video  el_before_av_textblock '><span class='hr-inner '><span class=\"hr-inner-style\"><\/span><\/span><\/div>\n<section  class='av_textblock_section av-4wtkgk-ace4486afcebb7ce9df5ffd4bba3a4a8'  itemscope=\"itemscope\" itemtype=\"https:\/\/schema.org\/CreativeWork\" ><div class='avia_textblock'  itemprop=\"text\" ><p style=\"text-align: center\"><strong>Laboratorio Protetto e di Transizione al lavoro &#8220;Senza Muri&#8221;<\/strong><\/p>\n<p style=\"text-align: center\"><em>Opera di novembre &#8211; La valigia<\/em><\/p>\n<p style=\"text-align: center\"><strong>KIT DI SOPRAVVIVENZA\u2026 CON QUALCHE PORTAFORTUNA!<\/strong><\/p>\n<p>Questo mese ci siamo chiesti quali sono le cose (oggetti ma anche sentimenti, desideri, pensieri, ecc.) che per noi contano di pi\u00f9, che vogliamo portare con noi ovunque andiamo. Fra queste, ne abbiamo scelte cinque a testa e ci abbiamo riempito la nostra valigia\u2026 che ora \u00e8 piena di tutte le cose per noi pi\u00f9 importanti!<\/p>\n<\/div><\/section>\n\n<style type=\"text\/css\" data-created_by=\"avia_inline_auto\" id=\"style-css-av-lbw7htaw-b7d0bb61c268df3ccaf662e587838168\">\n.avia-image-container.av-lbw7htaw-b7d0bb61c268df3ccaf662e587838168 img.avia_image{\nbox-shadow:none;\n}\n.avia-image-container.av-lbw7htaw-b7d0bb61c268df3ccaf662e587838168 .av-image-caption-overlay-center{\ncolor:#ffffff;\n}\n<\/style>\n<div  class='avia-image-container av-lbw7htaw-b7d0bb61c268df3ccaf662e587838168 av-styling- av-hover-grow avia-align-center  avia-builder-el-25  el_after_av_textblock  el_before_av_hr '   itemprop=\"image\" itemscope=\"itemscope\" itemtype=\"https:\/\/schema.org\/ImageObject\" ><div class=\"avia-image-container-inner\"><div class=\"avia-image-overlay-wrap\"><img class='wp-image-2080 avia-img-lazy-loading-not-2080 avia_image ' src='https:\/\/www.asplaurarodriguez.it\/servizi-per-disabili\/wp-content\/uploads\/sites\/2\/2022\/12\/KIT-DI-SOPRAVVIVENZA...-CON-QUALCHE-PORTAFORTUNA-219x300.jpg' alt='' title='KIT DI SOPRAVVIVENZA... CON QUALCHE PORTAFORTUNA!'  height=\"300\" width=\"219\"  itemprop=\"thumbnailUrl\"  \/><\/div><\/div><\/div>\n<div  class='hr av-1zfeyc-54a37dab8ef3cde86b6da9bb5c31a7ca hr-default  avia-builder-el-26  el_after_av_image  el_before_av_textblock '><span class='hr-inner '><span class=\"hr-inner-style\"><\/span><\/span><\/div>\n<section  class='av_textblock_section av-lbw6smgr-d76d201c08beb2826e44ae0ebde02ef4'  itemscope=\"itemscope\" itemtype=\"https:\/\/schema.org\/CreativeWork\" ><div class='avia_textblock'  itemprop=\"text\" ><p style=\"text-align: center\"><strong>Laboratorio Protetto e di Transizione al lavoro &#8220;Senza Muri&#8221;<\/strong><\/p>\n<p style=\"text-align: center\"><em>Opera di ottobre &#8211; La strada<\/em><\/p>\n<p style=\"text-align: center\"><strong>BREVE ANTOLOGIA CORALE SUL TEMA \u201cLA STRADA\u201d<\/strong><\/p>\n<p><em>La strada come pretesto e metafora per raccontare storie e stranezze lungo le strade dentro e fuori di noi<\/em><\/p>\n<p>i testi nel video:<\/p>\n<p><strong>Devastazioni e merendine<\/strong><br \/>\nLa vita \u00e8 una strada da prendere al meglio<br \/>\nfaremo le nostre cose<br \/>\ne resisteremo aspettando un mondo felice<br \/>\nIn alcuni ospedali non mi piace andare<br \/>\nsono sempre le stesse visite brutali<br \/>\nSar\u00e0 una lotta contro il tempo<br \/>\ncriminali bombe esplosivi<br \/>\nbasta far male alla gente innocente<br \/>\nLa strada \u00e8 una barriera<br \/>\nche non fa girare come tu vuoi.<br \/>\nHo visto pi\u00f9 di un temporale<br \/>\ne fantasmi e cani randagi<br \/>\nNel vento un cacciabombardiere<br \/>\nraggiunge le strade con fuoco devastatore<br \/>\nLa strada porta a un\u2019 isola di luna park<br \/>\ne pu\u00f2 far sognare anche le nostre serate.<br \/>\nDobbiamo risalire nel tunnel<br \/>\ndopo saremo convinti di avercela fatta.<br \/>\nE si pu\u00f2 andare fino al confine o al mare<br \/>\ndov\u2019\u00e8 un\u2019 acqua di cioccolato bianco e biscotti farciti.<br \/>\nC\u2019 era chi sapeva di chi era la strada<br \/>\npi\u00f9 difficile al mondo<br \/>\nLa strada \u00e8 una montagna di castagne e dolciumi<br \/>\nun gelato misto con biscotti e merendine al mercato<br \/>\nR. M.<\/p>\n<p><strong>Pace interiore<\/strong><br \/>\nLa strada pu\u00f2 far paura, pu\u00f2 essere una cosa cattiva.<br \/>\nMa la strada che ho in mente porta dal passato al futuro<br \/>\nporta la pace interiore.<br \/>\nCon un dolce profumo di caff\u00e8.<br \/>\nG. C.<\/p>\n<p><strong>Cose che capitano<\/strong><br \/>\nConosco un proverbio che dice: \u201cciascuno vada per la sua strada\u201d<br \/>\nnaturalmente il significato \u00e8 che due persone devono badare ai fatti loro e devono fare quel che gli suggerisce la loro coscienza. Senza dar fastidio agli altri.<br \/>\nUn momento felice della mia strada \u00e8 quando i gatti sono in calore e si mettono a bisticciare per contesa. Quando vedo questa cosa riderei a crepapancia.<br \/>\nSulla strada capit\u00f2 un giorno un\u2019altra cosa che mi fece proprio ridere:<br \/>\nuna bambina che era figlia di una donna che era titolare di un negozio di calzature che ha chiuso i battenti. Questa bambina, assieme ad una sua amichetta, cominci\u00f2 a farmi le linguacce e non la smetteva. Ma dir\u00f2 di pi\u00f9: all\u2019 apparenza tutte e due avranno avuto cinque anni.<br \/>\nR. S.<\/p>\n<p><strong>Consigli e precauzioni<\/strong><br \/>\nNella strada c\u2019\u00e8 tante buche<br \/>\nsuccedono tanti incidenti<br \/>\nbisogna stare attenti alle macchine<br \/>\nNella strada uno cade e si fa male<br \/>\ne si deve chiamare l\u2019 ambulanza<br \/>\npossono anche tamponarti<br \/>\nse uno va forte e non frena al semaforo<br \/>\nNella strada si vede le persone<br \/>\npassare con tanti cani.<br \/>\nC\u2019\u00e8 un ragazzo, vicino alla mia porta,<br \/>\nche ha portato su il cane in braccio<br \/>\nper non fare le pedate nelle scale.<br \/>\nS. S.<\/p>\n<p><strong>Imprevisto<\/strong><br \/>\nQuando sono per strada mi vedo contento<br \/>\nperch\u00e9 incontro persone che conosco e mi salutano<br \/>\ne persone che non conosco e mi guardano.<br \/>\nUna volta ero in autobus che andavo in centro,<br \/>\nma l\u2019 autobus ha cambiato strada.<br \/>\nPerch\u00e9 era Sabato.<br \/>\nI. C.<\/p>\n<p><strong>Stati d\u2019animo<\/strong><br \/>\nQuando passeggio sono allegro<br \/>\nQuando vado a comprare il pane sono allegro<br \/>\nSono allegro quando sono in casa con i miei<br \/>\nSono allegro quando faccio qualcosa per gli altri<br \/>\nSono triste quando mi parlano alle spalle<br \/>\nSono triste quando mi dicono di stare zitto<br \/>\nSono triste quando resto solo<br \/>\nK. N.<\/p>\n<\/div><\/section>\n<div  class='avia-video av-lbw7b8ox-55a8805b256f5a923fb0d190172846ab avia-video-16-9 av-no-preview-image avia-video-load-always avia-video-html5'  itemprop=\"video\" itemtype=\"https:\/\/schema.org\/VideoObject\"  data-original_url='http:\/\/www.asplaurarodriguez.it\/servizi-per-disabili\/wp-content\/uploads\/sites\/2\/2022\/12\/antologia-corale_compresso.mp4'><video class='avia_video'    preload=\"auto\"  controls id='player_1956_1709803111_2031267911'><source src='http:\/\/www.asplaurarodriguez.it\/servizi-per-disabili\/wp-content\/uploads\/sites\/2\/2022\/12\/antologia-corale_compresso.mp4' type='video\/mp4' \/><\/video><\/div>\n\n<style type=\"text\/css\" data-created_by=\"avia_inline_auto\" id=\"style-css-av-lbw76l6c-50a0be73e024a5cb5bbe09987bf3b741\">\n.avia-image-container.av-lbw76l6c-50a0be73e024a5cb5bbe09987bf3b741 img.avia_image{\nbox-shadow:none;\n}\n.avia-image-container.av-lbw76l6c-50a0be73e024a5cb5bbe09987bf3b741 .av-image-caption-overlay-center{\ncolor:#ffffff;\n}\n<\/style>\n<div  class='avia-image-container av-lbw76l6c-50a0be73e024a5cb5bbe09987bf3b741 av-styling- av-hover-grow avia-align-center  avia-builder-el-29  el_after_av_video  avia-builder-el-last '   itemprop=\"image\" itemscope=\"itemscope\" itemtype=\"https:\/\/schema.org\/ImageObject\" ><div class=\"avia-image-container-inner\"><div class=\"avia-image-overlay-wrap\"><img class='wp-image-1766 avia-img-lazy-loading-not-1766 avia_image ' src='https:\/\/www.asplaurarodriguez.it\/servizi-per-disabili\/wp-content\/uploads\/sites\/2\/2020\/10\/immagine-strada-277x300.png' alt='' title='immagine strada'  height=\"300\" width=\"277\"  itemprop=\"thumbnailUrl\"  \/><\/div><\/div><\/div>\n","protected":false},"excerpt":{"rendered":"","protected":false},"author":9,"featured_media":0,"parent":393,"menu_order":0,"comment_status":"closed","ping_status":"closed","template":"","meta":[],"_links":{"self":[{"href":"https:\/\/www.asplaurarodriguez.it\/servizi-per-disabili\/wp-json\/wp\/v2\/pages\/1956"}],"collection":[{"href":"https:\/\/www.asplaurarodriguez.it\/servizi-per-disabili\/wp-json\/wp\/v2\/pages"}],"about":[{"href":"https:\/\/www.asplaurarodriguez.it\/servizi-per-disabili\/wp-json\/wp\/v2\/types\/page"}],"author":[{"embeddable":true,"href":"https:\/\/www.asplaurarodriguez.it\/servizi-per-disabili\/wp-json\/wp\/v2\/users\/9"}],"replies":[{"embeddable":true,"href":"https:\/\/www.asplaurarodriguez.it\/servizi-per-disabili\/wp-json\/wp\/v2\/comments?post=1956"}],"version-history":[{"count":25,"href":"https:\/\/www.asplaurarodriguez.it\/servizi-per-disabili\/wp-json\/wp\/v2\/pages\/1956\/revisions"}],"predecessor-version":[{"id":2335,"href":"https:\/\/www.asplaurarodriguez.it\/servizi-per-disabili\/wp-json\/wp\/v2\/pages\/1956\/revisions\/2335"}],"up":[{"embeddable":true,"href":"https:\/\/www.asplaurarodriguez.it\/servizi-per-disabili\/wp-json\/wp\/v2\/pages\/393"}],"wp:attachment":[{"href":"https:\/\/www.asplaurarodriguez.it\/servizi-per-disabili\/wp-json\/wp\/v2\/media?parent=1956"}],"curies":[{"name":"wp","href":"https:\/\/api.w.org\/{rel}","templated":true}]}}