
{"id":249,"date":"2018-03-26T16:15:09","date_gmt":"2018-03-26T14:15:09","guid":{"rendered":"http:\/\/www.asplaurarodriguez.it\/servizi-per-disabili\/?page_id=249"},"modified":"2023-12-20T13:53:51","modified_gmt":"2023-12-20T12:53:51","slug":"casa-dellarcobaleno","status":"publish","type":"page","link":"https:\/\/www.asplaurarodriguez.it\/servizi-per-disabili\/casa-dellarcobaleno\/","title":{"rendered":"Casa dell&#8217;Arcobaleno"},"content":{"rendered":"<div  class='avia-slideshow av-3cn41l-1d4f6400d5c88d699a6c135dff329137 avia-slideshow-featured av_slideshow avia-slide-slider  avia-builder-el-0  el_before_av_two_third  avia-builder-el-first  av-slideshow-ui av-control-default av-slideshow-autoplay av-loop-endless av-loop-manual-endless av-default-height-applied avia-slideshow-1' data-slideshow-options=\"{&quot;animation&quot;:&quot;slide&quot;,&quot;autoplay&quot;:true,&quot;loop_autoplay&quot;:&quot;endless&quot;,&quot;interval&quot;:5,&quot;loop_manual&quot;:&quot;manual-endless&quot;,&quot;autoplay_stopper&quot;:false,&quot;noNavigation&quot;:false,&quot;bg_slider&quot;:false,&quot;keep_padding&quot;:false,&quot;hoverpause&quot;:false,&quot;show_slide_delay&quot;:0}\"  itemprop=\"image\" itemscope=\"itemscope\" itemtype=\"https:\/\/schema.org\/ImageObject\" ><ul class='avia-slideshow-inner ' style='padding-bottom: 28.666666666667%;'><li  class='avia-slideshow-slide av-3cn41l-1d4f6400d5c88d699a6c135dff329137__0  slide-1 slide-odd'><div data-rel='slideshow-1' class='avia-slide-wrap '   ><img class=\"wp-image-323 avia-img-lazy-loading-not-323\"  src='https:\/\/www.asplaurarodriguez.it\/servizi-per-disabili\/wp-content\/uploads\/sites\/2\/2018\/03\/CSRD-ARCOBALENO-esterno2-1500x430.jpg' width='1500' height='430' title='CSRD ARCOBALENO- esterno2' alt=''  itemprop=\"thumbnailUrl\"   \/><\/div><\/li><li  class='avia-slideshow-slide av-3cn41l-1d4f6400d5c88d699a6c135dff329137__1  slide-2 slide-even'><div data-rel='slideshow-1' class='avia-slide-wrap '   ><img class=\"wp-image-322 avia-img-lazy-loading-not-322\"  src='https:\/\/www.asplaurarodriguez.it\/servizi-per-disabili\/wp-content\/uploads\/sites\/2\/2018\/03\/CSRD-ARCOBALENO-Stanza-morbida-1500x430.jpg' width='1500' height='430' title='CSRD ARCOBALENO- Stanza morbida' alt=''  itemprop=\"thumbnailUrl\"   \/><\/div><\/li><li  class='avia-slideshow-slide av-3cn41l-1d4f6400d5c88d699a6c135dff329137__2  slide-3 slide-odd'><div data-rel='slideshow-1' class='avia-slide-wrap '   ><img class=\"wp-image-321 avia-img-lazy-loading-not-321\"  src='https:\/\/www.asplaurarodriguez.it\/servizi-per-disabili\/wp-content\/uploads\/sites\/2\/2018\/03\/CSRD-ARCOBALENO-salotto2-1500x430.jpg' width='1500' height='430' title='CSRD ARCOBALENO- salotto2' alt=''  itemprop=\"thumbnailUrl\"   \/><\/div><\/li><li  class='avia-slideshow-slide av-3cn41l-1d4f6400d5c88d699a6c135dff329137__3  slide-4 slide-even'><div data-rel='slideshow-1' class='avia-slide-wrap '   ><img class=\"wp-image-320 avia-img-lazy-loading-not-320\"  src='https:\/\/www.asplaurarodriguez.it\/servizi-per-disabili\/wp-content\/uploads\/sites\/2\/2018\/03\/CSRD-ARCOBALENO-salotto-1500x430.jpg' width='1500' height='430' title='CSRD ARCOBALENO- salotto' alt=''  itemprop=\"thumbnailUrl\"   \/><\/div><\/li><\/ul><div class='avia-slideshow-arrows avia-slideshow-controls' ><a href='#prev' class='prev-slide ' aria-hidden='true' data-av_icon='\ue87c' data-av_iconfont='entypo-fontello'  tabindex='-1'>Prec<\/a><a href='#next' class='next-slide ' aria-hidden='true' data-av_icon='\ue87d' data-av_iconfont='entypo-fontello'  tabindex='-1'>Succ<\/a><\/div><div class='avia-slideshow-dots avia-slideshow-controls'><a href='#1' class='goto-slide active' >1<\/a><a href='#2' class='goto-slide ' >2<\/a><a href='#3' class='goto-slide ' >3<\/a><a href='#4' class='goto-slide ' >4<\/a><\/div><\/div>\n\n<style type=\"text\/css\" data-created_by=\"avia_inline_auto\" id=\"style-css-av-2ke1uh-660ab7fed77ee3f74d86c81a7a089fe8\">\n.flex_column.av-2ke1uh-660ab7fed77ee3f74d86c81a7a089fe8{\n-webkit-border-radius:0px 0px 0px 0px;\n-moz-border-radius:0px 0px 0px 0px;\nborder-radius:0px 0px 0px 0px;\npadding:0px 0px 0px 0px;\n}\n<\/style>\n<div class='flex_column av-2ke1uh-660ab7fed77ee3f74d86c81a7a089fe8 av_two_third  avia-builder-el-1  el_after_av_slideshow  el_before_av_one_third  first flex_column_div av-zero-column-padding '     ><section  class='av_textblock_section av-2dp3gp-23bd4d1670883f38c5566c859be98d1a'  itemscope=\"itemscope\" itemtype=\"https:\/\/schema.org\/CreativeWork\" ><div class='avia_textblock'  itemprop=\"text\" ><p>Il Centro Socio-riabilitativo Diurno \u201cCasa dell\u2019Arcobaleno\u201d &#8211; sito a Carteria di Sesto (Pianoro \u2013 Bo) &#8211; \u00e8 una struttura adibita all\u2019ospitalit\u00e0 diurna di persone con disabilit\u00e0 fino a un numero massimo di 16 posti.\u00a0E&#8217; una struttura territoriale aperta di sostegno,di socializzazione,di aggregazione e di recupero per persone disabili. Si caratterizza per promuovere, con un adeguato intervento educativo personalizzato il recupero delle potenzialit\u00e0 psicofisiche della persona e per la sua integrazione nel contesto locale e sociale.<br \/>\nIl Centro si avvale di risorse, servizi e strutture presenti sul territorio e garantisce, attraverso progetti individuali la partecipazione degli utenti in carico, ad attivit\u00e0 prioritariamente esterne, che siano organicamente strutturate.<br \/>\nLe attivit\u00e0 sono mirate al recupero e al mantenimento delle capacit\u00e0 fisiche e intellettuali residue, per il miglioramento del livello di autonomia personale, relazionale, comportamentale e d\u2019inserimento sociale.<br \/>\nIl C.D. \u00e8 aperto dal Luned\u00ec al Venerd\u00ec dalle 9.00 alle 16.00, tranne il Marted\u00ec in cui \u00e8 aperto all\u2019utenza dalle 9.00 alle 15.00, per consentire l\u2019Incontro di Verifica del gruppo di lavoro dalle 15.00 alle 17.00.<br \/>\nIl C.D \u00e8 aperto all\u2019utenza per 230 giornate l\u2019anno, rispettando una chiusura estiva di 3 settimane consecutive, e una settimana circa di chiusura durante le festivit\u00e0 natalizie.<\/p>\n<\/div><\/section><\/div>\n\n<style type=\"text\/css\" data-created_by=\"avia_inline_auto\" id=\"style-css-av-2832bd-863e6df6b983e9d75dd53f5edb490c43\">\n.flex_column.av-2832bd-863e6df6b983e9d75dd53f5edb490c43{\n-webkit-border-radius:0px 0px 0px 0px;\n-moz-border-radius:0px 0px 0px 0px;\nborder-radius:0px 0px 0px 0px;\npadding:0px 0px 0px 0px;\n}\n<\/style>\n<div class='flex_column av-2832bd-863e6df6b983e9d75dd53f5edb490c43 av_one_third  avia-builder-el-3  el_after_av_two_third  el_before_av_button  flex_column_div av-zero-column-padding '     ><p><div  class='avia-button-wrap av-7ov0h-e13c8493c757ca2ba30d292fe0b90fa8-wrap avia-button-center  avia-builder-el-4  el_before_av_hr  avia-builder-el-first '><a href='https:\/\/www.asplaurarodriguez.it\/servizi-per-disabili\/casa-dellarcobaleno\/attivita-casa-dellarcobaleno\/'  class='avia-button av-7ov0h-e13c8493c757ca2ba30d292fe0b90fa8 avia-icon_select-no avia-size-medium avia-position-center avia-color-theme-color'  ><span class='avia_iconbox_title' >attivit\u00e0<\/span><\/a><\/div><br \/>\n<div  class='hr av-1xcjyp-11848781137cc3a58aeb2a226d9c250f hr-default  avia-builder-el-5  el_after_av_button  el_before_av_button '><span class='hr-inner '><span class=\"hr-inner-style\"><\/span><\/span><\/div><br \/>\n<div  class='avia-button-wrap av-1rcuj5-3364d6f44a8cff62f4bba9ebebb5eb68-wrap avia-button-center  avia-builder-el-6  el_after_av_hr  el_before_av_hr '><a href='https:\/\/www.asplaurarodriguez.it\/servizi-per-disabili\/eventi_carteria\/'  class='avia-button av-1rcuj5-3364d6f44a8cff62f4bba9ebebb5eb68 avia-icon_select-no avia-size-medium avia-position-center avia-color-theme-color'  ><span class='avia_iconbox_title' >eventi<\/span><\/a><\/div><br \/>\n<div  class='hr av-1jpuu9-058ffba1b90468eda1cc516dc7717228 hr-default  avia-builder-el-7  el_after_av_button  el_before_av_button '><span class='hr-inner '><span class=\"hr-inner-style\"><\/span><\/span><\/div><br \/>\n<div  class='avia-button-wrap av-1499sx-61f47e158d6f7fcd964a1a4c3f65ce30-wrap avia-button-center  avia-builder-el-8  el_after_av_hr  el_before_av_hr '><a href='https:\/\/www.asplaurarodriguez.it\/servizi-per-disabili\/contatti\/'  class='avia-button av-1499sx-61f47e158d6f7fcd964a1a4c3f65ce30 avia-icon_select-no avia-size-medium avia-position-center avia-color-theme-color'  ><span class='avia_iconbox_title' >contatti<\/span><\/a><\/div><br \/>\n<div  class='hr av-ya4fl-4ad3d3c6fcb54d0e3a0ced153fdad7d1 hr-default  avia-builder-el-9  el_after_av_button  el_before_av_button '><span class='hr-inner '><span class=\"hr-inner-style\"><\/span><\/span><\/div><br \/>\n<div  class='avia-button-wrap av-spt0h-8bd368090e78576de1a5f203f19f690f-wrap avia-button-center  avia-builder-el-10  el_after_av_hr  el_before_av_hr '><a href='https:\/\/www.asplaurarodriguez.it\/servizi-per-disabili\/casa-dellarcobaleno\/casa-dellarcobaleno-dove-siamo\/'  class='avia-button av-spt0h-8bd368090e78576de1a5f203f19f690f avia-icon_select-yes-left-icon avia-size-small avia-position-center avia-color-theme-color'  ><span class='avia_button_icon avia_button_icon_left' aria-hidden='true' data-av_icon='\ue842' data-av_iconfont='entypo-fontello'><\/span><span class='avia_iconbox_title' >dove siamo<\/span><\/a><\/div><br \/>\n<div  class='hr av-ka121-a2977e8c374d47314b3763577221923c hr-default  avia-builder-el-11  el_after_av_button  el_before_av_button '><span class='hr-inner '><span class=\"hr-inner-style\"><\/span><\/span><\/div><br \/>\n<div  class='avia-button-wrap av-eu9zl-812119d65f5f2b2b267aa8a9cfd80c5e-wrap avia-button-center  avia-builder-el-12  el_after_av_hr  el_before_av_hr '><a href='https:\/\/www.asplaurarodriguez.it\/servizi-per-disabili\/fuori-dal-centro-carteria\/'  class='avia-button av-eu9zl-812119d65f5f2b2b267aa8a9cfd80c5e avia-icon_select-no avia-size-small avia-position-center avia-color-theme-color'  ><span class='avia_iconbox_title' >Fuori dal Centro<\/span><\/a><\/div><br \/>\n<div  class='hr av-ka121-1-e4ffc6bff839733f9101bd76c8c4742b hr-default  avia-builder-el-13  el_after_av_button  el_before_av_button '><span class='hr-inner '><span class=\"hr-inner-style\"><\/span><\/span><\/div><br \/>\n<div  class='avia-button-wrap av-jrrupwqy-4bd9e977db35acc0669998cd06d77567-wrap avia-button-center  avia-builder-el-14  el_after_av_hr  avia-builder-el-last '><a href='https:\/\/www.asplaurarodriguez.it\/servizi-per-disabili\/laboratorio-senza-muri\/collaborazioni-esterne\/arcobaleno-collaborazioni-esterne\/'  class='avia-button av-jrrupwqy-4bd9e977db35acc0669998cd06d77567 avia-icon_select-no avia-size-small avia-position-center avia-color-theme-color'  ><span class='avia_iconbox_title' >collaborazioni esterne<\/span><\/a><\/div><\/p><\/div><div  class='avia-button-wrap av-llxjixj5-a67a0c5eaf0690d8d3772dc3cda5e517-wrap avia-button-center  avia-builder-el-15  el_after_av_one_third  el_before_av_social_share '>\n<style type=\"text\/css\" data-created_by=\"avia_inline_auto\" id=\"style-css-av-llxjixj5-a67a0c5eaf0690d8d3772dc3cda5e517\">\n#top #wrap_all .avia-button.av-llxjixj5-a67a0c5eaf0690d8d3772dc3cda5e517{\nfont-size:17px;\n-webkit-transition:all 0.4s ease-in-out;\n-moz-transition:all 0.4s ease-in-out;\n-ms-transition:all 0.4s ease-in-out;\n-o-transition:all 0.4s ease-in-out;\ntransition:all 0.4s ease-in-out;\n}\n<\/style>\n<a href='https:\/\/instagram.com\/the_rodriguez_03?igshid=MzRlODBiNWFlZA=='  class='avia-button av-llxjixj5-a67a0c5eaf0690d8d3772dc3cda5e517 avia-icon_select-yes-left-icon avia-size-large avia-position-center avia-color-theme-color'  ><span class='avia_button_icon avia_button_icon_left' aria-hidden='true' data-av_icon='\uf16d' data-av_iconfont='entypo-fontello'><\/span><span class='avia_iconbox_title' >Seguici su Instagram!<\/span><\/a><\/div><\/p>\n<div  class='av-social-sharing-box av-llxiufj0-94ca038856a9dc4bb892d45828101f32 av-social-sharing-box-default  avia-builder-el-16  el_after_av_button  avia-builder-el-last  av-social-sharing-box-fullwidth'><div class=\"av-share-box\"><h5 class='av-share-link-description av-no-toc '>Condividi questo articolo<\/h5><ul class=\"av-share-box-list noLightbox\"><li class='av-share-link av-social-link-facebook' ><a target=\"_blank\" aria-label=\"Condividi su Facebook\" href='https:\/\/www.facebook.com\/sharer.php?u=https:\/\/www.asplaurarodriguez.it\/servizi-per-disabili\/casa-dellarcobaleno\/&#038;t=Casa%20dell%E2%80%99Arcobaleno' aria-hidden='false' data-av_icon='\ue8f3' data-av_iconfont='entypo-fontello' title='' data-avia-related-tooltip='Condividi su Facebook' rel=\"noopener\"><span class='avia_hidden_link_text'>Condividi su Facebook<\/span><\/a><\/li><li class='av-share-link av-social-link-twitter' ><a target=\"_blank\" aria-label=\"Condividi su Twitter\" href='https:\/\/twitter.com\/share?text=Casa%20dell%E2%80%99Arcobaleno&#038;url=https:\/\/www.asplaurarodriguez.it\/servizi-per-disabili\/?p=249' aria-hidden='false' data-av_icon='\ue8f1' data-av_iconfont='entypo-fontello' title='' data-avia-related-tooltip='Condividi su Twitter' rel=\"noopener\"><span class='avia_hidden_link_text'>Condividi su Twitter<\/span><\/a><\/li><li class='av-share-link av-social-link-whatsapp' ><a target=\"_blank\" aria-label=\"Condividi su WhatsApp\" href='https:\/\/api.whatsapp.com\/send?text=https:\/\/www.asplaurarodriguez.it\/servizi-per-disabili\/casa-dellarcobaleno\/' aria-hidden='false' data-av_icon='\uf232' data-av_iconfont='entypo-fontello' title='' data-avia-related-tooltip='Condividi su WhatsApp' rel=\"noopener\"><span class='avia_hidden_link_text'>Condividi su WhatsApp<\/span><\/a><\/li><li class='av-share-link av-social-link-linkedin' ><a target=\"_blank\" aria-label=\"Condividi su LinkedIn\" href='https:\/\/linkedin.com\/shareArticle?mini=true&#038;title=Casa%20dell%E2%80%99Arcobaleno&#038;url=https:\/\/www.asplaurarodriguez.it\/servizi-per-disabili\/casa-dellarcobaleno\/' aria-hidden='false' data-av_icon='\ue8fc' data-av_iconfont='entypo-fontello' title='' data-avia-related-tooltip='Condividi su LinkedIn' rel=\"noopener\"><span class='avia_hidden_link_text'>Condividi su LinkedIn<\/span><\/a><\/li><li class='av-share-link av-social-link-telegram' ><a target=\"_blank\" aria-label=\"Condividi su Telegram\" href='https:\/\/t.me\/share\/url?url=https:\/\/www.asplaurarodriguez.it\/servizi-per-disabili\/casa-dellarcobaleno\/&#038;text=Casa%20dell%E2%80%99Arcobaleno' aria-hidden='false' data-av_icon='\ue8b7' data-av_iconfont='entypo-fontello' title='' data-avia-related-tooltip='Condividi su Telegram' rel=\"noopener\"><span class='avia_hidden_link_text'>Condividi su Telegram<\/span><\/a><\/li><li class='av-share-link av-social-link-mail' ><a  aria-label=\"Condividi attraverso Mail\" href='mailto:?subject=Casa%20dell%E2%80%99Arcobaleno&#038;body=https:\/\/www.asplaurarodriguez.it\/servizi-per-disabili\/casa-dellarcobaleno\/' aria-hidden='false' data-av_icon='\ue805' data-av_iconfont='entypo-fontello' title='' data-avia-related-tooltip='Condividi attraverso Mail'><span class='avia_hidden_link_text'>Condividi attraverso Mail<\/span><\/a><\/li><\/ul><\/div><\/div>\n","protected":false},"excerpt":{"rendered":"","protected":false},"author":10,"featured_media":0,"parent":0,"menu_order":0,"comment_status":"closed","ping_status":"closed","template":"","meta":[],"_links":{"self":[{"href":"https:\/\/www.asplaurarodriguez.it\/servizi-per-disabili\/wp-json\/wp\/v2\/pages\/249"}],"collection":[{"href":"https:\/\/www.asplaurarodriguez.it\/servizi-per-disabili\/wp-json\/wp\/v2\/pages"}],"about":[{"href":"https:\/\/www.asplaurarodriguez.it\/servizi-per-disabili\/wp-json\/wp\/v2\/types\/page"}],"author":[{"embeddable":true,"href":"https:\/\/www.asplaurarodriguez.it\/servizi-per-disabili\/wp-json\/wp\/v2\/users\/10"}],"replies":[{"embeddable":true,"href":"https:\/\/www.asplaurarodriguez.it\/servizi-per-disabili\/wp-json\/wp\/v2\/comments?post=249"}],"version-history":[{"count":36,"href":"https:\/\/www.asplaurarodriguez.it\/servizi-per-disabili\/wp-json\/wp\/v2\/pages\/249\/revisions"}],"predecessor-version":[{"id":2184,"href":"https:\/\/www.asplaurarodriguez.it\/servizi-per-disabili\/wp-json\/wp\/v2\/pages\/249\/revisions\/2184"}],"wp:attachment":[{"href":"https:\/\/www.asplaurarodriguez.it\/servizi-per-disabili\/wp-json\/wp\/v2\/media?parent=249"}],"curies":[{"name":"wp","href":"https:\/\/api.w.org\/{rel}","templated":true}]}}