
{"id":393,"date":"2018-03-29T09:54:35","date_gmt":"2018-03-29T07:54:35","guid":{"rendered":"http:\/\/www.asplaurarodriguez.it\/servizi-per-disabili\/?page_id=393"},"modified":"2024-01-26T15:36:10","modified_gmt":"2024-01-26T14:36:10","slug":"393-2","status":"publish","type":"page","link":"https:\/\/www.asplaurarodriguez.it\/servizi-per-disabili\/laboratorio-senza-muri\/393-2\/","title":{"rendered":"Attivit\u00e0 Lab. Senza Muri"},"content":{"rendered":"\n<style type=\"text\/css\" data-created_by=\"avia_inline_auto\" id=\"style-css-av-6peyj5-9f90be3eef6f2a915eeb76360fd5fc8e\">\n.flex_column.av-6peyj5-9f90be3eef6f2a915eeb76360fd5fc8e{\n-webkit-border-radius:0px 0px 0px 0px;\n-moz-border-radius:0px 0px 0px 0px;\nborder-radius:0px 0px 0px 0px;\npadding:0px 0px 0px 0px;\n}\n<\/style>\n<div class='flex_column av-6peyj5-9f90be3eef6f2a915eeb76360fd5fc8e av_one_full  avia-builder-el-0  avia-builder-el-no-sibling  first flex_column_div av-zero-column-padding '     ><section  class='av_textblock_section av-6kawrd-01fae92f18aa549fa816c9f8e8116dff'  itemscope=\"itemscope\" itemtype=\"https:\/\/schema.org\/CreativeWork\" ><div class='avia_textblock'  itemprop=\"text\" ><p>Le attivit\u00e0 sono il frutto dell\u2019elaborazione programmatica-educativa del gruppo di lavoro che tiene conto della specificit\u00e0 di ogni singola persona.<\/p>\n<p>Ogni utente ha proposte lavorative specifiche sia interne al Laboratorio sia esterne in stages individuali o di partecipazione a piccoli gruppi interni alle aziende(nuclei aziendali) con o senza la presenza dell\u2019educatore ,nel rispetto delle caratteristiche individuali e della fase del percorso verso l\u2019autonomia che il singolo utente si trova a vivere in quel momento.<\/p>\n<p>Molta importanza viene data anche alla scelta del contesto lavorativo che deve tener conto sia della dimensione funzionale sia di quella relazionale affinch\u00e9 la persona inserita possa gradualmente integrarsi e apportare il suo contributo e diventare quindi risorsa umana e lavorativa.<\/p>\n<p>Oltre alle attivit\u00e0 del mattino, prevalentemente lavorative, il Laboratorio organizza attivit\u00e0 pomeridiane aperte anche ai ragazzi disabili del territorio seguiti dalla USSI dell\u2019Azienda USL di San Lazzaro. Le attivit\u00e0 pomeridiane organizzate sono di tipo espressivo-formative e occupazionali e sono uno sfondo utile per stare insieme e far emergere idee, desideri, stati d\u2019animo.<\/p>\n<p>Tali attivit\u00e0 oltre a rappresentare momenti socievolezza, di scambio relazionale e di potenziamento delle abilit\u00e0, ci consentono di mantenere un contatto con i ragazzi che hanno raggiunto un alto livello di autonomia e sono gi\u00e0 impegnati in attivit\u00e0 lavorative esterne.<\/p>\n<p><a name=\"_Toc498351653\"><\/a>Attivit\u00e0 esterne<\/p>\n<p>Le attivit\u00e0 esterne consistono in<\/p>\n<ul>\n<li>esperienze lavorative svolte in autonomia presso aziende del territorio con un monitoraggio da parte di un educatore;<\/li>\n<li>partecipazione in piccoli gruppi interni alle aziende (<strong>nuclei aziendali<\/strong>) con la presenza costante di un educatore;<\/li>\n<li>partecipazione ad attivit\u00e0 all\u2019interno del territorio di Ozzano in collaborazione con il Comune (volantinaggio, etichettatura libri biblioteca, ecc.)<\/li>\n<\/ul>\n<p><u>&nbsp;<\/u><\/p>\n<p><a name=\"_Toc498351654\"><\/a>Attivit\u00e0 Interne<\/p>\n<p>Le attivit\u00e0 interne si svolgono in piccolo gruppo all\u2019interno degli spazi del Laboratorio ma mantengono comunque una stretta collaborazione col territorio.<\/p>\n<ul>\n<li>attivit\u00e0 di \u201cricicl\u2019art\u201d, che consiste nel confezionamento di blocchetti di carta per appunti, utilizzando materiale cartaceo di scarto, procuratoci prevalentemente da Comune di Ozzano, Comune di San Lazzaro, Azienda Usl e Aziende del territorio.<\/li>\n<li>attivit\u00e0 di aiuto-segreteria con un mansionario di facile esecuzione come piegatura volantini, imbustamento, timbratura, in collaborazione con le Istituzioni pubbliche locali;<\/li>\n<li>attivit\u00e0 legate alla quotidianit\u00e0 e alla cura degli ambienti del Laboratorio.<\/li>\n<li>attivit\u00e0 espressivo- formative : realizzazione di biglietti augurali per conto del Comune di Ozzano, realizzazione di piccoli oggetti, attivit\u00e0 di cucina, ecc.<\/li>\n<\/ul>\n<\/div><\/section><\/div>\n\n\n\n<h2 class=\"has-text-align-center\"><em>ATTIVIT\u00c0<\/em> <em>OCCUPAZIONALE: AZIENDA ARCADIA<\/em><\/h2>\n\n\n\n<figure class=\"wp-block-image size-large\"><img loading=\"lazy\" width=\"1030\" height=\"773\" src=\"https:\/\/www.asplaurarodriguez.it\/servizi-per-disabili\/wp-content\/uploads\/sites\/2\/2024\/01\/AZIENDA-2-Attivita-di-confezionamento-presso-Azienda-Arcadia-2-3-1030x773.jpeg\" alt=\"\" class=\"wp-image-2236\" srcset=\"https:\/\/www.asplaurarodriguez.it\/servizi-per-disabili\/wp-content\/uploads\/sites\/2\/2024\/01\/AZIENDA-2-Attivita-di-confezionamento-presso-Azienda-Arcadia-2-3-1030x773.jpeg 1030w, https:\/\/www.asplaurarodriguez.it\/servizi-per-disabili\/wp-content\/uploads\/sites\/2\/2024\/01\/AZIENDA-2-Attivita-di-confezionamento-presso-Azienda-Arcadia-2-3-300x225.jpeg 300w, https:\/\/www.asplaurarodriguez.it\/servizi-per-disabili\/wp-content\/uploads\/sites\/2\/2024\/01\/AZIENDA-2-Attivita-di-confezionamento-presso-Azienda-Arcadia-2-3-768x576.jpeg 768w, https:\/\/www.asplaurarodriguez.it\/servizi-per-disabili\/wp-content\/uploads\/sites\/2\/2024\/01\/AZIENDA-2-Attivita-di-confezionamento-presso-Azienda-Arcadia-2-3-1536x1153.jpeg 1536w, https:\/\/www.asplaurarodriguez.it\/servizi-per-disabili\/wp-content\/uploads\/sites\/2\/2024\/01\/AZIENDA-2-Attivita-di-confezionamento-presso-Azienda-Arcadia-2-3-1500x1126.jpeg 1500w, https:\/\/www.asplaurarodriguez.it\/servizi-per-disabili\/wp-content\/uploads\/sites\/2\/2024\/01\/AZIENDA-2-Attivita-di-confezionamento-presso-Azienda-Arcadia-2-3-705x529.jpeg 705w, https:\/\/www.asplaurarodriguez.it\/servizi-per-disabili\/wp-content\/uploads\/sites\/2\/2024\/01\/AZIENDA-2-Attivita-di-confezionamento-presso-Azienda-Arcadia-2-3.jpeg 2000w\" sizes=\"(max-width: 1030px) 100vw, 1030px\" \/><figcaption>Tutti i marted\u00ec e i venerd\u00ec ci occupiamo di confezionare prodotti di cartoleria per l&#8217;Azienda &#8220;Arcadia Italy&#8221;. In foto Angelo e Roberto.<\/figcaption><\/figure>\n\n\n\n<hr class=\"wp-block-separator has-alpha-channel-opacity\" \/>\n\n\n\n<div style=\"height:36px\" aria-hidden=\"true\" class=\"wp-block-spacer\"><\/div>\n\n\n\n<h2 class=\"has-text-align-center\"><em>ATTIVIT\u00c0 OCCUPAZIONALE: AZIENDA COLOPLAST<\/em><\/h2>\n\n\n\n<figure class=\"wp-block-image size-large\"><img loading=\"lazy\" width=\"1030\" height=\"773\" src=\"https:\/\/www.asplaurarodriguez.it\/servizi-per-disabili\/wp-content\/uploads\/sites\/2\/2024\/01\/AZIENDA1-Attivita-di-assemblaggio-e-confezionamento-per-lazienda-Coloplast-2-1030x773.jpg\" alt=\"\" class=\"wp-image-2240\" srcset=\"https:\/\/www.asplaurarodriguez.it\/servizi-per-disabili\/wp-content\/uploads\/sites\/2\/2024\/01\/AZIENDA1-Attivita-di-assemblaggio-e-confezionamento-per-lazienda-Coloplast-2-1030x773.jpg 1030w, https:\/\/www.asplaurarodriguez.it\/servizi-per-disabili\/wp-content\/uploads\/sites\/2\/2024\/01\/AZIENDA1-Attivita-di-assemblaggio-e-confezionamento-per-lazienda-Coloplast-2-300x225.jpg 300w, https:\/\/www.asplaurarodriguez.it\/servizi-per-disabili\/wp-content\/uploads\/sites\/2\/2024\/01\/AZIENDA1-Attivita-di-assemblaggio-e-confezionamento-per-lazienda-Coloplast-2-768x576.jpg 768w, https:\/\/www.asplaurarodriguez.it\/servizi-per-disabili\/wp-content\/uploads\/sites\/2\/2024\/01\/AZIENDA1-Attivita-di-assemblaggio-e-confezionamento-per-lazienda-Coloplast-2-1536x1152.jpg 1536w, https:\/\/www.asplaurarodriguez.it\/servizi-per-disabili\/wp-content\/uploads\/sites\/2\/2024\/01\/AZIENDA1-Attivita-di-assemblaggio-e-confezionamento-per-lazienda-Coloplast-2-2048x1536.jpg 2048w, https:\/\/www.asplaurarodriguez.it\/servizi-per-disabili\/wp-content\/uploads\/sites\/2\/2024\/01\/AZIENDA1-Attivita-di-assemblaggio-e-confezionamento-per-lazienda-Coloplast-2-1500x1125.jpg 1500w, https:\/\/www.asplaurarodriguez.it\/servizi-per-disabili\/wp-content\/uploads\/sites\/2\/2024\/01\/AZIENDA1-Attivita-di-assemblaggio-e-confezionamento-per-lazienda-Coloplast-2-705x529.jpg 705w\" sizes=\"(max-width: 1030px) 100vw, 1030px\" \/><figcaption>Il mercoled\u00ec e il gioved\u00ec siamo impegnati a confezionare e assemblare materiale informativo per l&#8217;Azienda &#8220;Colplast&#8221;. In foto Lara e Roberto. <\/figcaption><\/figure>\n\n\n\n<div style=\"height:36px\" aria-hidden=\"true\" class=\"wp-block-spacer\"><\/div>\n\n\n\n<hr class=\"wp-block-separator has-alpha-channel-opacity\" \/>\n\n\n\n<h2 class=\"has-text-align-center\"><em>COLLABORAZIONI ESTERNE: FARMACIA GHIGI<\/em><\/h2>\n\n\n\n<figure class=\"wp-block-image size-large\"><img loading=\"lazy\" width=\"1030\" height=\"773\" src=\"https:\/\/www.asplaurarodriguez.it\/servizi-per-disabili\/wp-content\/uploads\/sites\/2\/2024\/01\/COLLABORAZIONI-con-la-farmacia-ghigi-di-ozzano-2-1030x773.jpg\" alt=\"\" class=\"wp-image-2244\" srcset=\"https:\/\/www.asplaurarodriguez.it\/servizi-per-disabili\/wp-content\/uploads\/sites\/2\/2024\/01\/COLLABORAZIONI-con-la-farmacia-ghigi-di-ozzano-2-1030x773.jpg 1030w, https:\/\/www.asplaurarodriguez.it\/servizi-per-disabili\/wp-content\/uploads\/sites\/2\/2024\/01\/COLLABORAZIONI-con-la-farmacia-ghigi-di-ozzano-2-300x225.jpg 300w, https:\/\/www.asplaurarodriguez.it\/servizi-per-disabili\/wp-content\/uploads\/sites\/2\/2024\/01\/COLLABORAZIONI-con-la-farmacia-ghigi-di-ozzano-2-768x576.jpg 768w, https:\/\/www.asplaurarodriguez.it\/servizi-per-disabili\/wp-content\/uploads\/sites\/2\/2024\/01\/COLLABORAZIONI-con-la-farmacia-ghigi-di-ozzano-2-1536x1152.jpg 1536w, https:\/\/www.asplaurarodriguez.it\/servizi-per-disabili\/wp-content\/uploads\/sites\/2\/2024\/01\/COLLABORAZIONI-con-la-farmacia-ghigi-di-ozzano-2-1500x1125.jpg 1500w, https:\/\/www.asplaurarodriguez.it\/servizi-per-disabili\/wp-content\/uploads\/sites\/2\/2024\/01\/COLLABORAZIONI-con-la-farmacia-ghigi-di-ozzano-2-705x529.jpg 705w, https:\/\/www.asplaurarodriguez.it\/servizi-per-disabili\/wp-content\/uploads\/sites\/2\/2024\/01\/COLLABORAZIONI-con-la-farmacia-ghigi-di-ozzano-2.jpg 2048w\" sizes=\"(max-width: 1030px) 100vw, 1030px\" \/><figcaption>Flavia (in foto al centro) realizza e disegna a mano la grafica per il calendario che verr\u00e0 stampato e distribuito ai clienti dalla Farmacia Ghigi di Ozzano. <\/figcaption><\/figure>\n\n\n\n<hr class=\"wp-block-separator has-alpha-channel-opacity\" \/>\n\n\n\n<div style=\"height:36px\" aria-hidden=\"true\" class=\"wp-block-spacer\"><\/div>\n\n\n\n<h2 class=\"has-text-align-center\"><em>ATTIVIT\u00c0<\/em> <em>INTERNA: AIUTO SEGRETERIA<\/em><\/h2>\n\n\n\n<figure class=\"wp-block-image size-large\"><img loading=\"lazy\" width=\"1030\" height=\"495\" src=\"https:\/\/www.asplaurarodriguez.it\/servizi-per-disabili\/wp-content\/uploads\/sites\/2\/2024\/01\/INTERNA-Attivita-di-segreteria-ordine-mensa-2-1030x495.jpg\" alt=\"\" class=\"wp-image-2247\" srcset=\"https:\/\/www.asplaurarodriguez.it\/servizi-per-disabili\/wp-content\/uploads\/sites\/2\/2024\/01\/INTERNA-Attivita-di-segreteria-ordine-mensa-2-1030x495.jpg 1030w, https:\/\/www.asplaurarodriguez.it\/servizi-per-disabili\/wp-content\/uploads\/sites\/2\/2024\/01\/INTERNA-Attivita-di-segreteria-ordine-mensa-2-300x144.jpg 300w, https:\/\/www.asplaurarodriguez.it\/servizi-per-disabili\/wp-content\/uploads\/sites\/2\/2024\/01\/INTERNA-Attivita-di-segreteria-ordine-mensa-2-768x369.jpg 768w, https:\/\/www.asplaurarodriguez.it\/servizi-per-disabili\/wp-content\/uploads\/sites\/2\/2024\/01\/INTERNA-Attivita-di-segreteria-ordine-mensa-2-1536x738.jpg 1536w, https:\/\/www.asplaurarodriguez.it\/servizi-per-disabili\/wp-content\/uploads\/sites\/2\/2024\/01\/INTERNA-Attivita-di-segreteria-ordine-mensa-2-1500x721.jpg 1500w, https:\/\/www.asplaurarodriguez.it\/servizi-per-disabili\/wp-content\/uploads\/sites\/2\/2024\/01\/INTERNA-Attivita-di-segreteria-ordine-mensa-2-705x339.jpg 705w, https:\/\/www.asplaurarodriguez.it\/servizi-per-disabili\/wp-content\/uploads\/sites\/2\/2024\/01\/INTERNA-Attivita-di-segreteria-ordine-mensa-2.jpg 1600w\" sizes=\"(max-width: 1030px) 100vw, 1030px\" \/><figcaption>Durante la settimana prepariamo gli ordini mensa, rendicontazione, catalogazione bolle e fatture che verranno inviate all&#8217;amministrazione della nostra azienda. In foto Klajdi e Roberto.<\/figcaption><\/figure>\n\n\n\n<p><\/p>\n","protected":false},"excerpt":{"rendered":"<p>ATTIVIT\u00c0 OCCUPAZIONALE: AZIENDA ARCADIA ATTIVIT\u00c0 OCCUPAZIONALE: AZIENDA COLOPLAST COLLABORAZIONI ESTERNE: FARMACIA GHIGI ATTIVIT\u00c0 INTERNA: AIUTO SEGRETERIA<\/p>\n","protected":false},"author":10,"featured_media":0,"parent":70,"menu_order":0,"comment_status":"closed","ping_status":"closed","template":"","meta":[],"_links":{"self":[{"href":"https:\/\/www.asplaurarodriguez.it\/servizi-per-disabili\/wp-json\/wp\/v2\/pages\/393"}],"collection":[{"href":"https:\/\/www.asplaurarodriguez.it\/servizi-per-disabili\/wp-json\/wp\/v2\/pages"}],"about":[{"href":"https:\/\/www.asplaurarodriguez.it\/servizi-per-disabili\/wp-json\/wp\/v2\/types\/page"}],"author":[{"embeddable":true,"href":"https:\/\/www.asplaurarodriguez.it\/servizi-per-disabili\/wp-json\/wp\/v2\/users\/10"}],"replies":[{"embeddable":true,"href":"https:\/\/www.asplaurarodriguez.it\/servizi-per-disabili\/wp-json\/wp\/v2\/comments?post=393"}],"version-history":[{"count":29,"href":"https:\/\/www.asplaurarodriguez.it\/servizi-per-disabili\/wp-json\/wp\/v2\/pages\/393\/revisions"}],"predecessor-version":[{"id":2254,"href":"https:\/\/www.asplaurarodriguez.it\/servizi-per-disabili\/wp-json\/wp\/v2\/pages\/393\/revisions\/2254"}],"up":[{"embeddable":true,"href":"https:\/\/www.asplaurarodriguez.it\/servizi-per-disabili\/wp-json\/wp\/v2\/pages\/70"}],"wp:attachment":[{"href":"https:\/\/www.asplaurarodriguez.it\/servizi-per-disabili\/wp-json\/wp\/v2\/media?parent=393"}],"curies":[{"name":"wp","href":"https:\/\/api.w.org\/{rel}","templated":true}]}}